{"id":2213,"date":"2024-04-30T19:53:20","date_gmt":"2024-04-30T22:53:20","guid":{"rendered":"https:\/\/www.isoagrotradingllc.com\/index.php\/isoagro-english\/"},"modified":"2025-10-08T19:34:50","modified_gmt":"2025-10-08T22:34:50","slug":"isoagro-english","status":"publish","type":"page","link":"https:\/\/www.isoagrotradingllc.com\/index.php\/en\/isoagro-english\/","title":{"rendered":"Isoagro &#8211; English"},"content":{"rendered":"<section class=\"wpb-content-wrapper\"><p>[vc_row][vc_column][rev_slider_vc alias=&#8221;demo-01-1&#8243; el_class=&#8221;margin-bottom-0&#8243;][\/vc_column][\/vc_row][vc_row content_placement=&#8221;middle&#8221;][vc_column width=&#8221;1\/2&#8243;][la_divider height=&#8221;lg:20px;md:10px;mb:10px;&#8221;][vc_single_image image=&#8221;2025&#8243; img_size=&#8221;full&#8221; css=&#8221;.vc_custom_1714514997978{margin-top: 0px !important;margin-right: 0px !important;margin-bottom: 0px !important;margin-left: 0px !important;padding-top: 0px !important;padding-right: 0px !important;padding-bottom: 0px !important;padding-left: 0px !important;}&#8221;][\/vc_column][vc_column width=&#8221;1\/2&#8243;][vc_column_text]<a class=\"notion-link-token notion-focusable-token notion-enable-hover\" tabindex=\"0\" href=\"https:\/\/www.notion.so\/que-hacemos\" rel=\"noopener noreferrer\" data-token-index=\"0\"><span class=\"link-annotation-unknown-block-id-526043530\"><a id=\"about-us\"><\/a><\/span><\/a>[\/vc_column_text][vc_custom_heading text=&#8221;ISOAGRO TRADING LLC&#8221; font_container=&#8221;tag:h3|text_align:left|color:%233d8a91&#8243; use_theme_fonts=&#8221;yes&#8221;][vc_column_text css=&#8221;.vc_custom_1759962458425{margin-bottom: 25px !important;}&#8221;]<span style=\"color: #3d8a91; display: block; text-align: justify; text-align-last: left;\">ISOAGRO TRADING LLC Isoagro Trading LLC is a foreign trade company specializing in trading in the following markets:<\/span><\/p>\n<p><span style=\"color: #3d8a91; display: block; text-align: justify; text-align-last: left;\"><br \/>\n<strong>\u2022 Primary agricultural products<\/strong> (cereals, oilseeds, and legumes)<br \/>\n<strong>\u2022 Meat<\/strong> (traditional, halal, kosher, GACC)<br \/>\n<strong>\u2022 Fuel<\/strong>. <\/span><\/p>\n<p><span style=\"color: #3d8a91;\">We understand the needs and purchasing power of potential customers, which allows us to offer solutions tailored to each business.<\/span><\/p>\n<p>.[\/vc_column_text][la_btn title=&#8221;Contact us&#8221; shape=&#8221;round&#8221; color=&#8221;primary&#8221; align=&#8221;left&#8221; link=&#8221;url:%23contact-us&#8221;][la_divider height=&#8221;lg:20px;md:10px;mb:30px;&#8221;][\/vc_column][\/vc_row][vc_row full_width=&#8221;stretch_row_content&#8221; content_placement=&#8221;middle&#8221; css=&#8221;.vc_custom_1714514708732{background-color: #3d8a91 !important;}&#8221;][vc_column][vc_row_inner][vc_column_inner width=&#8221;1\/4&#8243;][\/vc_column_inner][vc_column_inner width=&#8221;1\/2&#8243;][la_icon_boxes icon_fontawesome=&#8221;fas fa-users&#8221; icon_pos=&#8221;top&#8221; icon_style=&#8221;circle&#8221; icon_size=&#8221;50&#8243; icon_width=&#8221;100&#8243; css_animation=&#8221;fadeInUp&#8221; title=&#8221;As experts in foreign trade, we cover all international operations, including commercial and logistical management.&#8221; icon_color=&#8221;#ffffff&#8221; title_color=&#8221;#ffffff&#8221; el_class=&#8221;text-center&#8221;][\/la_icon_boxes][\/vc_column_inner][vc_column_inner width=&#8221;1\/4&#8243;][\/vc_column_inner][\/vc_row_inner][la_divider height=&#8221;lg:40px;md:60px;xs:0px;mb:60px;&#8221;][\/vc_column][\/vc_row][vc_row el_class=&#8221;la_row_gap_80&#8243;][vc_column css=&#8221;.vc_custom_1757977411698{margin-bottom: 0px !important;border-bottom-width: 0px !important;padding-bottom: 0px !important;}&#8221;][la_divider height=&#8221;lg:70px;md:20px;&#8221;][vc_custom_heading text=&#8221;Our approach&#8221; font_container=&#8221;tag:h3|text_align:center|color:%23235354&#8243; use_theme_fonts=&#8221;yes&#8221; css=&#8221;.vc_custom_1759962487989{margin-bottom: 10px !important;}&#8221;][vc_custom_heading text=&#8221;At Isoagro Trading LLC, our mission is to provide comprehensive service to our customers.&#8221; font_container=&#8221;tag:h5|font_size:16|text_align:center|color:%23235354&#8243; use_theme_fonts=&#8221;yes&#8221; css=&#8221;.vc_custom_1759962498874{margin-bottom: 25px !important;}&#8221;][la_divider height=&#8221;lg:50px;md:20px;&#8221;][vc_column_text]<a class=\"notion-link-token notion-focusable-token notion-enable-hover\" tabindex=\"0\" href=\"https:\/\/www.notion.so\/que-hacemos\" rel=\"noopener noreferrer\" data-token-index=\"0\"><span class=\"link-annotation-unknown-block-id-526043530\"><a id=\"operations\"><\/a><\/span><\/a>[\/vc_column_text][vc_row_inner][vc_column_inner width=&#8221;1\/2&#8243;][la_icon_boxes icon_type=&#8221;custom&#8221; icon_pos=&#8221;top&#8221; icon_style=&#8221;circle&#8221; icon_size=&#8221;100&#8243; icon_width=&#8221;120&#8243; css_animation=&#8221;fadeInUp&#8221; icon_color=&#8221;#ffffff&#8221; el_class=&#8221;text-center&#8221; icon_image_id=&#8221;2045&#8243; desc_color=&#8221;#235354&#8243; desc_fz=&#8221;lg:16px;&#8221;]\n<p style=\"color: #235354; text-align: justify; text-align-last: center; margin: 0;\">We understand the complexities and challenges of international trade in different markets and use our knowledge and experience to overcome them.<\/p>\n<p>[\/la_icon_boxes][vc_separator color=&#8221;custom&#8221; border_width=&#8221;4&#8243; el_width=&#8221;70&#8243; accent_color=&#8221;#235354&#8243;][\/vc_column_inner][vc_column_inner width=&#8221;1\/2&#8243;][la_icon_boxes icon_type=&#8221;custom&#8221; icon_pos=&#8221;top&#8221; icon_style=&#8221;circle&#8221; icon_size=&#8221;100&#8243; icon_width=&#8221;120&#8243; css_animation=&#8221;fadeInUp&#8221; icon_color=&#8221;#ffffff&#8221; el_class=&#8221;text-center&#8221; icon_image_id=&#8221;2046&#8243; desc_color=&#8221;#235354&#8243; desc_fz=&#8221;lg:16px;&#8221;]\n<p style=\"text-align: justify; text-align-last: center; margin: 0;\">We work closely with our clients to understand their objectives and offer solutions to their needs.<\/p>\n<p>[\/la_icon_boxes][la_divider height=&#8221;lg:20px;&#8221;][vc_separator color=&#8221;custom&#8221; border_width=&#8221;4&#8243; el_width=&#8221;70&#8243; accent_color=&#8221;#235354&#8243;][\/vc_column_inner][\/vc_row_inner][la_divider height=&#8221;lg:20px;&#8221;][la_btn title=&#8221;Contact us&#8221; shape=&#8221;round&#8221; color=&#8221;primary&#8221; align=&#8221;center&#8221; link=&#8221;url:%23contact-us&#8221;][la_divider height=&#8221;lg:20px;&#8221;][\/vc_column][\/vc_row][vc_row full_width=&#8221;stretch_row_content&#8221; content_placement=&#8221;middle&#8221; css=&#8221;.vc_custom_1757975509967{margin-top: 35px !important;padding-top: 90px !important;padding-bottom: 70px !important;}&#8221;][vc_column][vc_column_text]<a class=\"notion-link-token notion-focusable-token notion-enable-hover\" tabindex=\"0\" href=\"https:\/\/www.notion.so\/que-hacemos\" rel=\"noopener noreferrer\" data-token-index=\"0\"><span class=\"link-annotation-unknown-block-id-526043530\"><a id=\"services\"><\/a><\/span><\/a>[\/vc_column_text][\/vc_column][vc_column][vc_row_inner][vc_column_inner width=&#8221;1\/3&#8243; css=&#8221;.vc_custom_1757978831447{background-image: url(http:\/\/www.isoagrotradingllc.com\/wp-content\/uploads\/2025\/09\/operaciones-04-1.png?id=2265) !important;background-position: center !important;background-repeat: no-repeat !important;background-size: cover !important;}&#8221;][vc_single_image image=&#8221;2249&#8243; img_size=&#8221;full&#8221;][\/vc_column_inner][vc_column_inner width=&#8221;1\/3&#8243; css=&#8221;.vc_custom_1758024177535{background-image: url(http:\/\/www.isoagrotradingllc.com\/wp-content\/uploads\/2025\/09\/operaciones-06-2.png?id=2276) !important;background-position: center !important;background-repeat: no-repeat !important;background-size: cover !important;}&#8221;][vc_single_image image=&#8221;2253&#8243; img_size=&#8221;full&#8221;][\/vc_column_inner][vc_column_inner width=&#8221;1\/3&#8243; css=&#8221;.vc_custom_1757978846954{background-image: url(http:\/\/www.isoagrotradingllc.com\/wp-content\/uploads\/2025\/09\/operaciones-05-1.png?id=2266) !important;background-position: center !important;background-repeat: no-repeat !important;background-size: cover !important;}&#8221;][vc_single_image image=&#8221;2254&#8243; img_size=&#8221;full&#8221;][\/vc_column_inner][\/vc_row_inner][\/vc_column][vc_column][vc_row_inner content_placement=&#8221;middle&#8221; disable_element=&#8221;yes&#8221;][vc_column_inner width=&#8221;1\/3&#8243;][la_divider height=&#8221;lg:90px;md:50px;&#8221;]<div class='la_parallax_row js-el' data-bg-align='' data-direction='up' data-opacity='100' data-velocity='-0.3' data-mobile-enabled='parallax-enable-mobile' data-bg-height='497' data-bg-width='1366' data-bg-image='https:\/\/www.isoagrotradingllc.com\/wp-content\/uploads\/2024\/04\/home.png' data-bg-repeat='false' data-id='' data-la_component='ParallaxRow' style='display: none'><\/div>[la_heading title=&#8221;Productos Agr\u00edcolas Primarios&#8221; title_color=&#8221;#ffffff&#8221; subtitle_fz=&#8221;lg:14px;&#8221; subtitle_color=&#8221;#ffffff&#8221; title_class=&#8221;h1&#8243; title_fz=&#8221;lg:21px;&#8221;][\/la_heading][vc_column_text el_id=&#8221;interlinea-corta&#8221;]<\/p>\n<div style=\"text-align: center; color: #ffffff; line-height: 1,3;\"><strong>Cereales<\/strong><br \/>\nArroz<br \/>\nTrigo<br \/>\nMa\u00edz<br \/>\nAvena<br \/>\nCebada<br \/>\nCenteno<br \/>\nMijo<br \/>\nSorgo<\/div>\n<div style=\"text-align: center; color: #ffffff; line-height: 1,3;\"><strong>Oleaginosas<\/strong><br \/>\nSoja<br \/>\nGirasol<br \/>\nMan\u00ed (cacahuate)<br \/>\nColza (canola)<br \/>\nLino (linaza)<br \/>\nS\u00e9samo (ajonjol\u00ed)<\/div>\n<div style=\"text-align: center; color: #ffffff; line-height: 1,3;\"><strong>Legumbres<\/strong><br \/>\nLentejas<br \/>\nGarbanzos<br \/>\nAlubias (o frijoles\/jud\u00edas)<\/div>\n<p>[\/vc_column_text][la_divider height=&#8221;lg:90px;md:50px;&#8221;][\/vc_column_inner][vc_column_inner width=&#8221;1\/3&#8243;][la_divider height=&#8221;lg:90px;md:50px;&#8221;]<div class='la_parallax_row js-el' data-bg-align='' data-direction='up' data-opacity='100' data-velocity='-0.3' data-mobile-enabled='parallax-enable-mobile' data-bg-height='497' data-bg-width='1366' data-bg-image='https:\/\/www.isoagrotradingllc.com\/wp-content\/uploads\/2024\/04\/home.png' data-bg-repeat='false' data-id='' data-la_component='ParallaxRow' style='display: none'><\/div>[la_heading title=&#8221;Combustibles&#8221; title_color=&#8221;#ffffff&#8221; subtitle_fz=&#8221;lg:14px;&#8221; subtitle_color=&#8221;#ffffff&#8221; title_class=&#8221;h1&#8243; title_fz=&#8221;lg:21px;&#8221;][\/la_heading][vc_column_text]<\/p>\n<p style=\"text-align: center;\"><span style=\"color: #ffffff;\">EN590<br \/>\nJetFuel A1<br \/>\nJP54<br \/>\nD6<br \/>\nD2<br \/>\nGasoline Ron<br \/>\nBitumen<br \/>\nPetcoke<br \/>\nLPG<br \/>\n&#8230; entre otros.<\/span><\/p>\n<p>[\/vc_column_text][la_divider height=&#8221;lg:90px;md:50px;&#8221;][\/vc_column_inner][vc_column_inner width=&#8221;1\/3&#8243;][la_divider height=&#8221;lg:90px;md:50px;&#8221;]<div class='la_parallax_row js-el' data-bg-align='' data-direction='up' data-opacity='100' data-velocity='-0.3' data-mobile-enabled='parallax-enable-mobile' data-bg-height='497' data-bg-width='1366' data-bg-image='https:\/\/www.isoagrotradingllc.com\/wp-content\/uploads\/2024\/04\/home.png' data-bg-repeat='false' data-id='' data-la_component='ParallaxRow' style='display: none'><\/div>[la_heading title=&#8221;Operaciones Internacionales&#8221; title_color=&#8221;#ffffff&#8221; subtitle_fz=&#8221;lg:14px;&#8221; subtitle_color=&#8221;#ffffff&#8221; title_class=&#8221;h1&#8243;][\/la_heading][vc_column_text]<span style=\"color: #ffffff;\">Realizamos nuestras operaciones a trav\u00e9s de un contrato de intermediaci\u00f3n comercial, nos encargamos de todos los aspectos necesarios para llevar a cabo una importaci\u00f3n o exportaci\u00f3n exitosa. Desde la b\u00fasqueda de proveedores confiables, la negociaci\u00f3n de los contratos, la log\u00edstica<\/span>[\/vc_column_text][la_divider height=&#8221;lg:90px;md:50px;&#8221;][\/vc_column_inner][\/vc_row_inner][\/vc_column][\/vc_row][vc_row full_width=&#8221;stretch_row&#8221; content_placement=&#8221;middle&#8221;][vc_column width=&#8221;1\/2&#8243;][la_divider height=&#8221;lg:90px;xs:30px;&#8221;][vc_single_image image=&#8221;2070&#8243; img_size=&#8221;full&#8221; css=&#8221;.vc_custom_1714515305258{margin-top: 0px !important;margin-right: 0px !important;margin-bottom: 0px !important;margin-left: 0px !important;padding-top: 0px !important;padding-right: 0px !important;padding-bottom: 0px !important;padding-left: 0px !important;}&#8221;][\/vc_column][vc_column width=&#8221;1\/2&#8243;][vc_column_text]<a class=\"notion-link-token notion-focusable-token notion-enable-hover\" tabindex=\"0\" href=\"https:\/\/www.notion.so\/que-hacemos\" rel=\"noopener noreferrer\" data-token-index=\"0\"><span class=\"link-annotation-unknown-block-id-526043530\"><a id=\"choose-us\"><\/a><\/span><\/a>[\/vc_column_text][la_divider height=&#8221;lg:90px;xs:30px;&#8221;][vc_custom_heading text=&#8221;Our Services&#8221; font_container=&#8221;tag:h3|text_align:left|color:%23235354&#8243; use_theme_fonts=&#8221;yes&#8221; css=&#8221;.vc_custom_1759962600335{margin-bottom: 25px !important;}&#8221;][vc_column_text css=&#8221;.vc_custom_1759962610553{margin-bottom: 25px !important;}&#8221;]<\/p>\n<p style=\"color: #235354; text-align: justify; text-align-last: left; margin: 0 0 10px 0;\">In the fuel business, we are a company that offers an ideal partnership for our customers, as we have a direct mandate from a refinery that allows us to safely and sustainably offer excellent quality products and by-products, as well as guarantee the highest and most convenient profitability for all participating stakeholders. We operate in the world&#8217;s major ports, namely: Rotterdam, Houston, Fujairah. As purchasing agents, we have subsidiaries in the main markets, with offices based in Argentina and the United States. This allows us to locate product suppliers, with whom we sign supply contracts that we market in different markets.<\/p>\n<p>[\/vc_column_text][la_btn title=&#8221;Contact us&#8221; shape=&#8221;round&#8221; align=&#8221;left&#8221; link=&#8221;url:%23contact-us&#8221;][la_divider height=&#8221;lg:90px;xs:30px;&#8221;][\/vc_column][vc_column][la_divider height=&#8221;lg:90px;xs:30px;&#8221;][vc_column_text]<a class=\"notion-link-token notion-focusable-token notion-enable-hover\" tabindex=\"0\" href=\"https:\/\/www.notion.so\/que-hacemos\" rel=\"noopener noreferrer\" data-token-index=\"0\"><span class=\"link-annotation-unknown-block-id-526043530\"><a id=\"mercados\"><\/a><\/span><\/a>[\/vc_column_text][\/vc_column][\/vc_row][vc_row full_width=&#8221;stretch_row&#8221; content_placement=&#8221;middle&#8221; css=&#8221;.vc_custom_1714511381270{background-color: #3D8A91 !important;}&#8221;][vc_column width=&#8221;1\/2&#8243;][vc_custom_heading text=&#8221;Why choose us?&#8221; font_container=&#8221;tag:h3|text_align:left|color:%23ffffff&#8221; use_theme_fonts=&#8221;yes&#8221; css=&#8221;.vc_custom_1759962645287{margin-bottom: 25px !important;}&#8221;][vc_column_text css=&#8221;.vc_custom_1759962633525{margin-bottom: 25px !important;}&#8221;]<\/p>\n<p style=\"color: #ffffff; text-align: justify; text-align-last: left; margin: 0 0 10px 0;\"><strong>We have years of experience in the field of foreign trade. We understand that every business is unique, which is why we offer solutions tailored to the specific needs of our clients. We conduct our operations with the highest standards of professionalism and business ethics.<\/strong><\/p>\n<p>[\/vc_column_text][\/vc_column][vc_column width=&#8221;1\/2&#8243;][vc_single_image image=&#8221;2074&#8243; img_size=&#8221;full&#8221;][\/vc_column][\/vc_row][vc_row disable_element=&#8221;yes&#8221; el_class=&#8221;la_row_gap_80&#8243;][vc_column css=&#8221;.vc_custom_1757977411698{margin-bottom: 0px !important;border-bottom-width: 0px !important;padding-bottom: 0px !important;}&#8221;][la_divider height=&#8221;lg:30px;md:10px;&#8221;][vc_custom_heading text=&#8221;Mercados&#8221; font_container=&#8221;tag:h3|text_align:center|color:%23235354&#8243; use_theme_fonts=&#8221;yes&#8221; css=&#8221;.vc_custom_1758023862889{margin-bottom: 10px !important;}&#8221;][la_divider height=&#8221;lg:20px;md:10px;&#8221;][la_btn title=&#8221;Mercado de Granos&#8221; shape=&#8221;round&#8221; color=&#8221;primary&#8221; align=&#8221;center&#8221; link=&#8221;url:https%3A%2F%2Fwww.bcr.com.ar%2Fes%2Fmercados%2Fmercado-de-granos%2Fcotizaciones%2Fcotizaciones-internacionales|target:_blank&#8221;][la_divider height=&#8221;lg:20px;md:10px;&#8221;][vc_separator border_width=&#8221;5&#8243;][la_divider height=&#8221;lg:20px;&#8221;][\/vc_column][\/vc_row][vc_row content_placement=&#8221;middle&#8221;][vc_column width=&#8221;1\/6&#8243;][\/vc_column][vc_column width=&#8221;2\/3&#8243;][vc_column_text]<a class=\"notion-link-token notion-focusable-token notion-enable-hover\" tabindex=\"0\" href=\"https:\/\/www.notion.so\/que-hacemos\" rel=\"noopener noreferrer\" data-token-index=\"0\"><span class=\"link-annotation-unknown-block-id-526043530\"><a id=\"contact-us\"><\/a><\/span><\/a>[\/vc_column_text][vc_custom_heading text=&#8221;Contact us&#8221; font_container=&#8221;tag:h3|text_align:center|color:%233d8a91&#8243; use_theme_fonts=&#8221;yes&#8221; css=&#8221;.vc_custom_1759962653060{margin-bottom: 25px !important;}&#8221;][vc_column_text css=&#8221;.vc_custom_1759962669404{margin-bottom: 25px !important;}&#8221;]<\/p>\n<p style=\"text-align: center;\"><span style=\"color: #3d8a91;\">If you are interested in our services or have any questions, please do not hesitate to contact us. We will be delighted to assist you with your next transaction.<\/span><\/p>\n<p>[\/vc_column_text]\n<div class=\"wpcf7 no-js\" id=\"wpcf7-f2228-o1\" lang=\"es-AR\" dir=\"ltr\" data-wpcf7-id=\"2228\">\n<div class=\"screen-reader-response\"><p role=\"status\" aria-live=\"polite\" aria-atomic=\"true\"><\/p> <ul><\/ul><\/div>\n<form action=\"\/index.php\/wp-json\/wp\/v2\/pages\/2213#wpcf7-f2228-o1\" method=\"post\" class=\"wpcf7-form init\" aria-label=\"Formulario de contacto\" novalidate=\"novalidate\" data-status=\"init\">\n<fieldset class=\"hidden-fields-container\"><input type=\"hidden\" name=\"_wpcf7\" value=\"2228\" \/><input type=\"hidden\" name=\"_wpcf7_version\" value=\"6.1.5\" \/><input type=\"hidden\" name=\"_wpcf7_locale\" value=\"es_AR\" \/><input type=\"hidden\" name=\"_wpcf7_unit_tag\" value=\"wpcf7-f2228-o1\" \/><input type=\"hidden\" name=\"_wpcf7_container_post\" value=\"0\" \/><input type=\"hidden\" name=\"_wpcf7_posted_data_hash\" value=\"\" \/>\n<\/fieldset>\n<p><label> Name<br \/>\n<span class=\"wpcf7-form-control-wrap\" data-name=\"your-name\"><input size=\"40\" maxlength=\"400\" class=\"wpcf7-form-control wpcf7-text wpcf7-validates-as-required\" autocomplete=\"name\" aria-required=\"true\" aria-invalid=\"false\" value=\"\" type=\"text\" name=\"your-name\" \/><\/span> <\/label>\n<\/p>\n<p><label> E-mail<br \/>\n<span class=\"wpcf7-form-control-wrap\" data-name=\"your-email\"><input size=\"40\" maxlength=\"400\" class=\"wpcf7-form-control wpcf7-email wpcf7-validates-as-required wpcf7-text wpcf7-validates-as-email\" autocomplete=\"email\" aria-required=\"true\" aria-invalid=\"false\" value=\"\" type=\"email\" name=\"your-email\" \/><\/span> <\/label>\n<\/p>\n<p><label> Subject<br \/>\n<span class=\"wpcf7-form-control-wrap\" data-name=\"your-subject\"><input size=\"40\" maxlength=\"400\" class=\"wpcf7-form-control wpcf7-text wpcf7-validates-as-required\" aria-required=\"true\" aria-invalid=\"false\" value=\"\" type=\"text\" name=\"your-subject\" \/><\/span> <\/label>\n<\/p>\n<p><label> Message (optional)<br \/>\n<span class=\"wpcf7-form-control-wrap\" data-name=\"your-message\"><textarea cols=\"40\" rows=\"10\" maxlength=\"2000\" class=\"wpcf7-form-control wpcf7-textarea\" aria-invalid=\"false\" name=\"your-message\"><\/textarea><\/span> <\/label>\n<\/p>\n<p><input class=\"wpcf7-form-control wpcf7-submit has-spinner\" type=\"submit\" value=\"Send\" \/>\n<\/p><div class=\"wpcf7-response-output\" aria-hidden=\"true\"><\/div>\n<\/form>\n<\/div>\n[la_divider height=&#8221;lg:50px;&#8221;][\/vc_column][vc_column width=&#8221;1\/6&#8243;][\/vc_column][\/vc_row]<\/p>\n<\/section>","protected":false},"excerpt":{"rendered":"<p>[vc_row][vc_column][rev_slider_vc alias=&#8221;demo-01-1&#8243; el_class=&#8221;margin-bottom-0&#8243;][\/vc_column][\/vc_row][vc_row content_placement=&#8221;middle&#8221;][vc_column width=&#8221;1\/2&#8243;][la_divider height=&#8221;lg:20px;md:10px;mb:10px;&#8221;][vc_single_image image=&#8221;2025&#8243; img_size=&#8221;full&#8221; css=&#8221;.vc_custom_1714514997978{margin-top: 0px !important;margin-right: 0px !important;margin-bottom: 0px !important;margin-left: 0px !important;padding-top: 0px !important;padding-right: 0px !important;padding-bottom: 0px !important;padding-left: 0px !important;}&#8221;][\/vc_column][vc_column width=&#8221;1\/2&#8243;][vc_column_text][\/vc_column_text][vc_custom_heading text=&#8221;ISOAGRO TRADING LLC&#8221; font_container=&#8221;tag:h3|text_align:left|color:%233d8a91&#8243; use_theme_fonts=&#8221;yes&#8221;][vc_column_text css=&#8221;.vc_custom_1759962458425{margin-bottom: 25px !important;}&#8221;]ISOAGRO TRADING LLC Isoagro Trading LLC is a foreign trade company specializing in trading in the following markets: \u2022 Primary agricultural products (cereals, oilseeds, and legumes) \u2022&hellip;<\/p>\n","protected":false},"author":1,"featured_media":0,"parent":0,"menu_order":0,"comment_status":"closed","ping_status":"closed","template":"","meta":{"footnotes":""},"class_list":["post-2213","page","type-page","status-publish","hentry"],"_links":{"self":[{"href":"https:\/\/www.isoagrotradingllc.com\/index.php\/wp-json\/wp\/v2\/pages\/2213","targetHints":{"allow":["GET"]}}],"collection":[{"href":"https:\/\/www.isoagrotradingllc.com\/index.php\/wp-json\/wp\/v2\/pages"}],"about":[{"href":"https:\/\/www.isoagrotradingllc.com\/index.php\/wp-json\/wp\/v2\/types\/page"}],"author":[{"embeddable":true,"href":"https:\/\/www.isoagrotradingllc.com\/index.php\/wp-json\/wp\/v2\/users\/1"}],"replies":[{"embeddable":true,"href":"https:\/\/www.isoagrotradingllc.com\/index.php\/wp-json\/wp\/v2\/comments?post=2213"}],"version-history":[{"count":15,"href":"https:\/\/www.isoagrotradingllc.com\/index.php\/wp-json\/wp\/v2\/pages\/2213\/revisions"}],"predecessor-version":[{"id":2297,"href":"https:\/\/www.isoagrotradingllc.com\/index.php\/wp-json\/wp\/v2\/pages\/2213\/revisions\/2297"}],"wp:attachment":[{"href":"https:\/\/www.isoagrotradingllc.com\/index.php\/wp-json\/wp\/v2\/media?parent=2213"}],"curies":[{"name":"wp","href":"https:\/\/api.w.org\/{rel}","templated":true}]}}